{"id":24,"date":"2019-10-02T06:53:02","date_gmt":"2019-10-02T06:53:02","guid":{"rendered":"https:\/\/ld-wp73.template-help.com\/wordpress\/prod_774\/v1\/?page_id=24"},"modified":"2025-02-13T22:28:05","modified_gmt":"2025-02-13T22:28:05","slug":"contacto","status":"publish","type":"page","link":"https:\/\/senoritarecords.com\/en\/contacto\/","title":{"rendered":"Contacto"},"content":{"rendered":"\t\t<div data-elementor-type=\"wp-page\" data-elementor-id=\"24\" class=\"elementor elementor-24\" data-elementor-post-type=\"page\">\n\t\t\t\t\t\t<section class=\"elementor-section elementor-top-section elementor-element elementor-element-b245a6d elementor-section-boxed elementor-section-height-default elementor-section-height-default\" data-id=\"b245a6d\" data-element_type=\"section\" data-e-type=\"section\">\n\t\t\t\t\t\t<div class=\"elementor-container elementor-column-gap-default\">\n\t\t\t\t\t<div class=\"elementor-column elementor-col-100 elementor-top-column elementor-element elementor-element-cb5f3b0\" data-id=\"cb5f3b0\" data-element_type=\"column\" data-e-type=\"column\">\n\t\t\t<div class=\"elementor-widget-wrap elementor-element-populated\">\n\t\t\t\t\t\t<section class=\"elementor-section elementor-inner-section elementor-element elementor-element-fbac513 elementor-section-boxed elementor-section-height-default elementor-section-height-default\" data-id=\"fbac513\" data-element_type=\"section\" data-e-type=\"section\">\n\t\t\t\t\t\t<div class=\"elementor-container elementor-column-gap-default\">\n\t\t\t\t\t<div class=\"elementor-column elementor-col-100 elementor-inner-column elementor-element elementor-element-288fdda\" data-id=\"288fdda\" data-element_type=\"column\" data-e-type=\"column\">\n\t\t\t<div class=\"elementor-widget-wrap elementor-element-populated\">\n\t\t\t\t\t\t<div class=\"elementor-element elementor-element-d423bea elementor-widget elementor-widget-heading\" data-id=\"d423bea\" data-element_type=\"widget\" data-e-type=\"widget\" data-widget_type=\"heading.default\">\n\t\t\t\t<div class=\"elementor-widget-container\">\n\t\t\t\t\t<h2 class=\"elementor-heading-title elementor-size-default\">M\u00e1ndenos tu demo a Groover<\/h2>\t\t\t\t<\/div>\n\t\t\t\t<\/div>\n\t\t\t\t<div class=\"elementor-element elementor-element-55dee83 elementor-widget elementor-widget-heading\" data-id=\"55dee83\" data-element_type=\"widget\" data-e-type=\"widget\" data-widget_type=\"heading.default\">\n\t\t\t\t<div class=\"elementor-widget-container\">\n\t\t\t\t\t<h2 class=\"elementor-heading-title elementor-size-xxl\"><\/h2>\t\t\t\t<\/div>\n\t\t\t\t<\/div>\n\t\t\t\t\t<\/div>\n\t\t<\/div>\n\t\t\t\t\t<\/div>\n\t\t<\/section>\n\t\t\t\t\t<\/div>\n\t\t<\/div>\n\t\t\t\t\t<\/div>\n\t\t<\/section>\n\t\t\t\t<section class=\"elementor-section elementor-top-section elementor-element elementor-element-b313e7a elementor-section-boxed elementor-section-height-default elementor-section-height-default\" data-id=\"b313e7a\" data-element_type=\"section\" data-e-type=\"section\">\n\t\t\t\t\t\t<div class=\"elementor-container elementor-column-gap-default\">\n\t\t\t\t\t<div class=\"elementor-column elementor-col-100 elementor-top-column elementor-element elementor-element-57335da\" data-id=\"57335da\" data-element_type=\"column\" data-e-type=\"column\">\n\t\t\t<div class=\"elementor-widget-wrap elementor-element-populated\">\n\t\t\t\t\t\t<section class=\"elementor-section elementor-inner-section elementor-element elementor-element-86a1213 elementor-section-boxed elementor-section-height-default elementor-section-height-default\" data-id=\"86a1213\" data-element_type=\"section\" data-e-type=\"section\" data-settings=\"{&quot;background_background&quot;:&quot;classic&quot;}\">\n\t\t\t\t\t\t<div class=\"elementor-container elementor-column-gap-default\">\n\t\t\t\t\t<div class=\"elementor-column elementor-col-50 elementor-inner-column elementor-element elementor-element-b48467c\" data-id=\"b48467c\" data-element_type=\"column\" data-e-type=\"column\">\n\t\t\t<div class=\"elementor-widget-wrap elementor-element-populated\">\n\t\t\t\t\t\t<div class=\"elementor-element elementor-element-f1f86aa elementor-widget elementor-widget-heading\" data-id=\"f1f86aa\" data-element_type=\"widget\" data-e-type=\"widget\" data-widget_type=\"heading.default\">\n\t\t\t\t<div class=\"elementor-widget-container\">\n\t\t\t\t\t<h2 class=\"elementor-heading-title elementor-size-default\">direcci\u00f3n<\/h2>\t\t\t\t<\/div>\n\t\t\t\t<\/div>\n\t\t\t\t<div class=\"elementor-element elementor-element-8a2d52f elementor-widget elementor-widget-text-editor\" data-id=\"8a2d52f\" data-element_type=\"widget\" data-e-type=\"widget\" data-widget_type=\"text-editor.default\">\n\t\t\t\t<div class=\"elementor-widget-container\">\n\t\t\t\t\t\t\t\t\t<p><a href=\"https:\/\/goo.gl\/maps\/eb4j75K5yZV6bmtR7\">Carrer de la Vila dels Olzina, 2A Nave 4, 43480 Vila-seca, Tarragona<\/a><\/p>\t\t\t\t\t\t\t\t<\/div>\n\t\t\t\t<\/div>\n\t\t\t\t\t<\/div>\n\t\t<\/div>\n\t\t\t\t<div class=\"elementor-column elementor-col-50 elementor-inner-column elementor-element elementor-element-38faa4b\" data-id=\"38faa4b\" data-element_type=\"column\" data-e-type=\"column\">\n\t\t\t<div class=\"elementor-widget-wrap elementor-element-populated\">\n\t\t\t\t\t\t<div class=\"elementor-element elementor-element-9f09c5c elementor-widget elementor-widget-heading\" data-id=\"9f09c5c\" data-element_type=\"widget\" data-e-type=\"widget\" data-widget_type=\"heading.default\">\n\t\t\t\t<div class=\"elementor-widget-container\">\n\t\t\t\t\t<h2 class=\"elementor-heading-title elementor-size-default\">env\u00eda tu demo<\/h2>\t\t\t\t<\/div>\n\t\t\t\t<\/div>\n\t\t\t\t<div class=\"elementor-element elementor-element-173f01d elementor-icon-list--layout-traditional elementor-list-item-link-full_width elementor-widget elementor-widget-icon-list\" data-id=\"173f01d\" data-element_type=\"widget\" data-e-type=\"widget\" data-widget_type=\"icon-list.default\">\n\t\t\t\t<div class=\"elementor-widget-container\">\n\t\t\t\t\t\t\t<ul class=\"elementor-icon-list-items\">\n\t\t\t\t\t\t\t<li class=\"elementor-icon-list-item\">\n\t\t\t\t\t\t\t\t\t\t\t<a href=\"https:\/\/drive.google.com\/drive\/folders\/1qYAN9lfl62z7NjF6ZlcO_QWgvs61mP1X\">\n\n\t\t\t\t\t\t\t\t\t\t\t\t<span class=\"elementor-icon-list-icon\">\n\t\t\t\t\t\t\t<i aria-hidden=\"true\" class=\"nc-icon-outline arrows-2_dots-upload\"><\/i>\t\t\t\t\t\t<\/span>\n\t\t\t\t\t\t\t\t\t\t<span class=\"elementor-icon-list-text\">Drop your file<\/span>\n\t\t\t\t\t\t\t\t\t\t\t<\/a>\n\t\t\t\t\t\t\t\t\t<\/li>\n\t\t\t\t\t\t<\/ul>\n\t\t\t\t\t\t<\/div>\n\t\t\t\t<\/div>\n\t\t\t\t<div class=\"elementor-element elementor-element-a1f0d90 elementor-widget elementor-widget-text-editor\" data-id=\"a1f0d90\" data-element_type=\"widget\" data-e-type=\"widget\" data-widget_type=\"text-editor.default\">\n\t\t\t\t<div class=\"elementor-widget-container\">\n\t\t\t\t\t\t\t\t\tTambi\u00e9n puedes mandar tu mp3 a: <a href=\"mailto:demos@senoritarecords.com\">demos@senoritarecords.com<\/a>\t\t\t\t\t\t\t\t<\/div>\n\t\t\t\t<\/div>\n\t\t\t\t\t<\/div>\n\t\t<\/div>\n\t\t\t\t\t<\/div>\n\t\t<\/section>\n\t\t\t\t<section class=\"elementor-section elementor-inner-section elementor-element elementor-element-60d0509 elementor-section-boxed elementor-section-height-default elementor-section-height-default\" data-id=\"60d0509\" data-element_type=\"section\" data-e-type=\"section\" data-settings=\"{&quot;background_background&quot;:&quot;classic&quot;}\">\n\t\t\t\t\t\t<div class=\"elementor-container elementor-column-gap-default\">\n\t\t\t\t\t<div class=\"elementor-column elementor-col-25 elementor-inner-column elementor-element elementor-element-b0dd4b0\" data-id=\"b0dd4b0\" data-element_type=\"column\" data-e-type=\"column\">\n\t\t\t<div class=\"elementor-widget-wrap elementor-element-populated\">\n\t\t\t\t\t\t<div class=\"elementor-element elementor-element-5712b0e elementor-widget elementor-widget-heading\" data-id=\"5712b0e\" data-element_type=\"widget\" data-e-type=\"widget\" data-widget_type=\"heading.default\">\n\t\t\t\t<div class=\"elementor-widget-container\">\n\t\t\t\t\t<h2 class=\"elementor-heading-title elementor-size-default\">direcci\u00f3n y producci\u00f3n<\/h2>\t\t\t\t<\/div>\n\t\t\t\t<\/div>\n\t\t\t\t<div class=\"elementor-element elementor-element-f7102c2 elementor-widget elementor-widget-text-editor\" data-id=\"f7102c2\" data-element_type=\"widget\" data-e-type=\"widget\" data-widget_type=\"text-editor.default\">\n\t\t\t\t<div class=\"elementor-widget-container\">\n\t\t\t\t\t\t\t\t\t<p>DJego Silber<\/p>\t\t\t\t\t\t\t\t<\/div>\n\t\t\t\t<\/div>\n\t\t\t\t<div class=\"elementor-element elementor-element-fe0a681 elementor-icon-list--layout-traditional elementor-list-item-link-full_width elementor-widget elementor-widget-icon-list\" data-id=\"fe0a681\" data-element_type=\"widget\" data-e-type=\"widget\" data-widget_type=\"icon-list.default\">\n\t\t\t\t<div class=\"elementor-widget-container\">\n\t\t\t\t\t\t\t<ul class=\"elementor-icon-list-items\">\n\t\t\t\t\t\t\t<li class=\"elementor-icon-list-item\">\n\t\t\t\t\t\t\t\t\t\t\t<a href=\"https:\/\/www.instagram.com\/djego_silber\/\">\n\n\t\t\t\t\t\t\t\t\t\t\t\t<span class=\"elementor-icon-list-icon\">\n\t\t\t\t\t\t\t<i aria-hidden=\"true\" class=\"fab fa-instagram\"><\/i>\t\t\t\t\t\t<\/span>\n\t\t\t\t\t\t\t\t\t\t<span class=\"elementor-icon-list-text\">@djego_silber<\/span>\n\t\t\t\t\t\t\t\t\t\t\t<\/a>\n\t\t\t\t\t\t\t\t\t<\/li>\n\t\t\t\t\t\t\t\t<li class=\"elementor-icon-list-item\">\n\t\t\t\t\t\t\t\t\t\t\t<a href=\"https:\/\/www.facebook.com\/Djego-Silber-104375451802909\">\n\n\t\t\t\t\t\t\t\t\t\t\t\t<span class=\"elementor-icon-list-icon\">\n\t\t\t\t\t\t\t<i aria-hidden=\"true\" class=\"fab fa-facebook-f\"><\/i>\t\t\t\t\t\t<\/span>\n\t\t\t\t\t\t\t\t\t\t<span class=\"elementor-icon-list-text\">Djego Silber<\/span>\n\t\t\t\t\t\t\t\t\t\t\t<\/a>\n\t\t\t\t\t\t\t\t\t<\/li>\n\t\t\t\t\t\t<\/ul>\n\t\t\t\t\t\t<\/div>\n\t\t\t\t<\/div>\n\t\t\t\t\t<\/div>\n\t\t<\/div>\n\t\t\t\t<div class=\"elementor-column elementor-col-25 elementor-inner-column elementor-element elementor-element-149b3b6\" data-id=\"149b3b6\" data-element_type=\"column\" data-e-type=\"column\">\n\t\t\t<div class=\"elementor-widget-wrap elementor-element-populated\">\n\t\t\t\t\t\t<div class=\"elementor-element elementor-element-a180cda elementor-widget elementor-widget-heading\" data-id=\"a180cda\" data-element_type=\"widget\" data-e-type=\"widget\" data-widget_type=\"heading.default\">\n\t\t\t\t<div class=\"elementor-widget-container\">\n\t\t\t\t\t<h2 class=\"elementor-heading-title elementor-size-default\">direcci\u00f3n ejecutiva<\/h2>\t\t\t\t<\/div>\n\t\t\t\t<\/div>\n\t\t\t\t<div class=\"elementor-element elementor-element-94413a4 elementor-widget elementor-widget-text-editor\" data-id=\"94413a4\" data-element_type=\"widget\" data-e-type=\"widget\" data-widget_type=\"text-editor.default\">\n\t\t\t\t<div class=\"elementor-widget-container\">\n\t\t\t\t\t\t\t\t\t<p>Mar\u00eda Mijangos<\/p>\t\t\t\t\t\t\t\t<\/div>\n\t\t\t\t<\/div>\n\t\t\t\t<div class=\"elementor-element elementor-element-54261f1 elementor-widget elementor-widget-text-editor\" data-id=\"54261f1\" data-element_type=\"widget\" data-e-type=\"widget\" data-widget_type=\"text-editor.default\">\n\t\t\t\t<div class=\"elementor-widget-container\">\n\t\t\t\t\t\t\t\t\t<p>senorita@senoritarecords.com<\/p>\t\t\t\t\t\t\t\t<\/div>\n\t\t\t\t<\/div>\n\t\t\t\t\t<\/div>\n\t\t<\/div>\n\t\t\t\t<div class=\"elementor-column elementor-col-25 elementor-inner-column elementor-element elementor-element-9cecde2\" data-id=\"9cecde2\" data-element_type=\"column\" data-e-type=\"column\">\n\t\t\t<div class=\"elementor-widget-wrap elementor-element-populated\">\n\t\t\t\t\t\t<div class=\"elementor-element elementor-element-057d613 elementor-widget elementor-widget-heading\" data-id=\"057d613\" data-element_type=\"widget\" data-e-type=\"widget\" data-widget_type=\"heading.default\">\n\t\t\t\t<div class=\"elementor-widget-container\">\n\t\t\t\t\t<h2 class=\"elementor-heading-title elementor-size-default\">CONTENT MANAGER<\/h2>\t\t\t\t<\/div>\n\t\t\t\t<\/div>\n\t\t\t\t<div class=\"elementor-element elementor-element-0df5c2c elementor-widget elementor-widget-text-editor\" data-id=\"0df5c2c\" data-element_type=\"widget\" data-e-type=\"widget\" data-widget_type=\"text-editor.default\">\n\t\t\t\t<div class=\"elementor-widget-container\">\n\t\t\t\t\t\t\t\t\t<p>Carmen Santiago<\/p>\t\t\t\t\t\t\t\t<\/div>\n\t\t\t\t<\/div>\n\t\t\t\t<div class=\"elementor-element elementor-element-cd2291e elementor-widget elementor-widget-text-editor\" data-id=\"cd2291e\" data-element_type=\"widget\" data-e-type=\"widget\" data-widget_type=\"text-editor.default\">\n\t\t\t\t<div class=\"elementor-widget-container\">\n\t\t\t\t\t\t\t\t\t<p><a href=\"mailto:contact@senoritarecords.com\">contact@senoritarecords.com<\/a><\/p>\t\t\t\t\t\t\t\t<\/div>\n\t\t\t\t<\/div>\n\t\t\t\t\t<\/div>\n\t\t<\/div>\n\t\t\t\t<div class=\"elementor-column elementor-col-25 elementor-inner-column elementor-element elementor-element-347bd6c\" data-id=\"347bd6c\" data-element_type=\"column\" data-e-type=\"column\">\n\t\t\t<div class=\"elementor-widget-wrap elementor-element-populated\">\n\t\t\t\t\t\t<div class=\"elementor-element elementor-element-59c0579 elementor-widget elementor-widget-heading\" data-id=\"59c0579\" data-element_type=\"widget\" data-e-type=\"widget\" data-widget_type=\"heading.default\">\n\t\t\t\t<div class=\"elementor-widget-container\">\n\t\t\t\t\t<h2 class=\"elementor-heading-title elementor-size-default\">Marketing Manager<\/h2>\t\t\t\t<\/div>\n\t\t\t\t<\/div>\n\t\t\t\t<div class=\"elementor-element elementor-element-92f91ef elementor-widget elementor-widget-text-editor\" data-id=\"92f91ef\" data-element_type=\"widget\" data-e-type=\"widget\" data-widget_type=\"text-editor.default\">\n\t\t\t\t<div class=\"elementor-widget-container\">\n\t\t\t\t\t\t\t\t\t<p>Gina Guart<\/p>\t\t\t\t\t\t\t\t<\/div>\n\t\t\t\t<\/div>\n\t\t\t\t<div class=\"elementor-element elementor-element-9eb3150 elementor-widget elementor-widget-text-editor\" data-id=\"9eb3150\" data-element_type=\"widget\" data-e-type=\"widget\" data-widget_type=\"text-editor.default\">\n\t\t\t\t<div class=\"elementor-widget-container\">\n\t\t\t\t\t\t\t\t\t<p>maketing@senoritarecords.com<\/p>\t\t\t\t\t\t\t\t<\/div>\n\t\t\t\t<\/div>\n\t\t\t\t<div class=\"elementor-element elementor-element-776d7df elementor-widget elementor-widget-text-editor\" data-id=\"776d7df\" data-element_type=\"widget\" data-e-type=\"widget\" data-widget_type=\"text-editor.default\">\n\t\t\t\t<div class=\"elementor-widget-container\">\n\t\t\t\t\t\t\t\t\t<p>+ 34\u00a0<a href=\"callto:697145157 \">697 14 51 57<\/a><\/p>\t\t\t\t\t\t\t\t<\/div>\n\t\t\t\t<\/div>\n\t\t\t\t\t<\/div>\n\t\t<\/div>\n\t\t\t\t\t<\/div>\n\t\t<\/section>\n\t\t\t\t\t<\/div>\n\t\t<\/div>\n\t\t\t\t\t<\/div>\n\t\t<\/section>\n\t\t\t\t<section class=\"elementor-section elementor-top-section elementor-element elementor-element-a57dc33 elementor-section-boxed elementor-section-height-default elementor-section-height-default\" data-id=\"a57dc33\" data-element_type=\"section\" data-e-type=\"section\">\n\t\t\t\t\t\t<div class=\"elementor-container elementor-column-gap-no\">\n\t\t\t\t\t<div class=\"elementor-column elementor-col-100 elementor-top-column elementor-element elementor-element-abed896\" data-id=\"abed896\" data-element_type=\"column\" data-e-type=\"column\">\n\t\t\t<div class=\"elementor-widget-wrap elementor-element-populated\">\n\t\t\t\t\t\t<div class=\"elementor-element elementor-element-86156a2 elementor-widget elementor-widget-google_maps\" data-id=\"86156a2\" data-element_type=\"widget\" data-e-type=\"widget\" data-widget_type=\"google_maps.default\">\n\t\t\t\t<div class=\"elementor-widget-container\">\n\t\t\t\t\t\t\t<div class=\"elementor-custom-embed\">\n\t\t\t<iframe loading=\"lazy\"\n\t\t\t\t\tsrc=\"https:\/\/maps.google.com\/maps?q=Carrer%20de%20la%20Vila%20dels%20Olzina%2C%202A%20Nave%204%2C%2043480%20Vila-seca%2C%20Tarragona&#038;t=m&#038;z=11&#038;output=embed&#038;iwloc=near\"\n\t\t\t\t\ttitle=\"Carrer de la Vila dels Olzina, 2A Nave 4, 43480 Vila-seca, Tarragona\"\n\t\t\t\t\taria-label=\"Carrer de la Vila dels Olzina, 2A Nave 4, 43480 Vila-seca, Tarragona\"\n\t\t\t><\/iframe>\n\t\t<\/div>\n\t\t\t\t\t\t<\/div>\n\t\t\t\t<\/div>\n\t\t\t\t\t<\/div>\n\t\t<\/div>\n\t\t\t\t\t<\/div>\n\t\t<\/section>\n\t\t\t\t<\/div>\n\t\t","protected":false},"excerpt":{"rendered":"<p>M\u00e1ndenos tu demo a Groover direcci\u00f3n Carrer de la Vila dels Olzina, 2A Nave 4, 43480 Vila-seca, Tarragona env\u00eda tu demo Drop your file Tambi\u00e9n puedes mandar tu mp3 a: demos@senoritarecords.com direcci\u00f3n y producci\u00f3n DJego Silber @djego_silber Djego Silber direcci\u00f3n ejecutiva Mar\u00eda Mijangos senorita@senoritarecords.com CONTENT MANAGER Carmen Santiago contact@senoritarecords.com Marketing Manager Gina Guart maketing@senoritarecords.com + [&hellip;]<\/p>\n","protected":false},"author":1,"featured_media":0,"parent":0,"menu_order":0,"comment_status":"closed","ping_status":"closed","template":"page-templates\/fullwidth-content.php","meta":{"footnotes":""},"class_list":["post-24","page","type-page","status-publish","hentry"],"acf":[],"yoast_head":"<!-- This site is optimized with the Yoast SEO plugin v24.2 - https:\/\/yoast.com\/wordpress\/plugins\/seo\/ -->\n<title>Contacto - Se\u00f1orita Records<\/title>\n<meta name=\"robots\" content=\"index, follow, max-snippet:-1, max-image-preview:large, max-video-preview:-1\" \/>\n<link rel=\"canonical\" href=\"https:\/\/senoritarecords.com\/en\/contacto\/\" \/>\n<meta property=\"og:locale\" content=\"es_ES\" \/>\n<meta property=\"og:type\" content=\"article\" \/>\n<meta property=\"og:title\" content=\"Contacto - Se\u00f1orita Records\" \/>\n<meta property=\"og:description\" content=\"M\u00e1ndenos tu demo a Groover direcci\u00f3n Carrer de la Vila dels Olzina, 2A Nave 4, 43480 Vila-seca, Tarragona env\u00eda tu demo Drop your file Tambi\u00e9n puedes mandar tu mp3 a: demos@senoritarecords.com direcci\u00f3n y producci\u00f3n DJego Silber @djego_silber Djego Silber direcci\u00f3n ejecutiva Mar\u00eda Mijangos senorita@senoritarecords.com CONTENT MANAGER Carmen Santiago contact@senoritarecords.com Marketing Manager Gina Guart maketing@senoritarecords.com + [&hellip;]\" \/>\n<meta property=\"og:url\" content=\"https:\/\/senoritarecords.com\/en\/contacto\/\" \/>\n<meta property=\"og:site_name\" content=\"Se\u00f1orita Records\" \/>\n<meta property=\"article:publisher\" content=\"https:\/\/www.facebook.com\/silber.dirk.7\/\" \/>\n<meta property=\"article:modified_time\" content=\"2025-02-13T22:28:05+00:00\" \/>\n<meta name=\"twitter:card\" content=\"summary_large_image\" \/>\n<meta name=\"twitter:label1\" content=\"Tiempo de lectura\" \/>\n\t<meta name=\"twitter:data1\" content=\"1 minuto\" \/>\n<script type=\"application\/ld+json\" class=\"yoast-schema-graph\">{\"@context\":\"https:\/\/schema.org\",\"@graph\":[{\"@type\":\"WebPage\",\"@id\":\"https:\/\/senoritarecords.com\/en\/contacto\/\",\"url\":\"https:\/\/senoritarecords.com\/en\/contacto\/\",\"name\":\"Contacto - Se\u00f1orita Records\",\"isPartOf\":{\"@id\":\"https:\/\/senoritarecords.com\/en\/#website\"},\"datePublished\":\"2019-10-02T06:53:02+00:00\",\"dateModified\":\"2025-02-13T22:28:05+00:00\",\"breadcrumb\":{\"@id\":\"https:\/\/senoritarecords.com\/en\/contacto\/#breadcrumb\"},\"inLanguage\":\"es\",\"potentialAction\":[{\"@type\":\"ReadAction\",\"target\":[\"https:\/\/senoritarecords.com\/en\/contacto\/\"]}]},{\"@type\":\"BreadcrumbList\",\"@id\":\"https:\/\/senoritarecords.com\/en\/contacto\/#breadcrumb\",\"itemListElement\":[{\"@type\":\"ListItem\",\"position\":1,\"name\":\"Portada\",\"item\":\"https:\/\/senoritarecords.com\/en\/\"},{\"@type\":\"ListItem\",\"position\":2,\"name\":\"Contacto\"}]},{\"@type\":\"WebSite\",\"@id\":\"https:\/\/senoritarecords.com\/en\/#website\",\"url\":\"https:\/\/senoritarecords.com\/en\/\",\"name\":\"Se\u00f1orita Records\",\"description\":\"Ponemos los decibelios en tu coraz\u00f3n\",\"publisher\":{\"@id\":\"https:\/\/senoritarecords.com\/en\/#organization\"},\"potentialAction\":[{\"@type\":\"SearchAction\",\"target\":{\"@type\":\"EntryPoint\",\"urlTemplate\":\"https:\/\/senoritarecords.com\/en\/?s={search_term_string}\"},\"query-input\":{\"@type\":\"PropertyValueSpecification\",\"valueRequired\":true,\"valueName\":\"search_term_string\"}}],\"inLanguage\":\"es\"},{\"@type\":\"Organization\",\"@id\":\"https:\/\/senoritarecords.com\/en\/#organization\",\"name\":\"Se\u00f1orita Records\",\"url\":\"https:\/\/senoritarecords.com\/en\/\",\"logo\":{\"@type\":\"ImageObject\",\"inLanguage\":\"es\",\"@id\":\"https:\/\/senoritarecords.com\/en\/#\/schema\/logo\/image\/\",\"url\":\"https:\/\/senoritarecords.com\/en\/wp-content\/uploads\/2022\/12\/SenoritaRecords_Logo-v10b_MASTER_pos_negre.png\",\"contentUrl\":\"https:\/\/senoritarecords.com\/en\/wp-content\/uploads\/2022\/12\/SenoritaRecords_Logo-v10b_MASTER_pos_negre.png\",\"width\":1500,\"height\":1500,\"caption\":\"Se\u00f1orita Records\"},\"image\":{\"@id\":\"https:\/\/senoritarecords.com\/en\/#\/schema\/logo\/image\/\"},\"sameAs\":[\"https:\/\/www.facebook.com\/silber.dirk.7\/\",\"https:\/\/www.instagram.com\/djego_silber\/\",\"https:\/\/www.instagram.com\/senoritarecords\/\"]}]}<\/script>\n<!-- \/ Yoast SEO plugin. -->","yoast_head_json":{"title":"Contacto - Se\u00f1orita Records","robots":{"index":"index","follow":"follow","max-snippet":"max-snippet:-1","max-image-preview":"max-image-preview:large","max-video-preview":"max-video-preview:-1"},"canonical":"https:\/\/senoritarecords.com\/en\/contacto\/","og_locale":"es_ES","og_type":"article","og_title":"Contacto - Se\u00f1orita Records","og_description":"M\u00e1ndenos tu demo a Groover direcci\u00f3n Carrer de la Vila dels Olzina, 2A Nave 4, 43480 Vila-seca, Tarragona env\u00eda tu demo Drop your file Tambi\u00e9n puedes mandar tu mp3 a: demos@senoritarecords.com direcci\u00f3n y producci\u00f3n DJego Silber @djego_silber Djego Silber direcci\u00f3n ejecutiva Mar\u00eda Mijangos senorita@senoritarecords.com CONTENT MANAGER Carmen Santiago contact@senoritarecords.com Marketing Manager Gina Guart maketing@senoritarecords.com + [&hellip;]","og_url":"https:\/\/senoritarecords.com\/en\/contacto\/","og_site_name":"Se\u00f1orita Records","article_publisher":"https:\/\/www.facebook.com\/silber.dirk.7\/","article_modified_time":"2025-02-13T22:28:05+00:00","twitter_card":"summary_large_image","twitter_misc":{"Tiempo de lectura":"1 minuto"},"schema":{"@context":"https:\/\/schema.org","@graph":[{"@type":"WebPage","@id":"https:\/\/senoritarecords.com\/en\/contacto\/","url":"https:\/\/senoritarecords.com\/en\/contacto\/","name":"Contacto - Se\u00f1orita Records","isPartOf":{"@id":"https:\/\/senoritarecords.com\/en\/#website"},"datePublished":"2019-10-02T06:53:02+00:00","dateModified":"2025-02-13T22:28:05+00:00","breadcrumb":{"@id":"https:\/\/senoritarecords.com\/en\/contacto\/#breadcrumb"},"inLanguage":"es","potentialAction":[{"@type":"ReadAction","target":["https:\/\/senoritarecords.com\/en\/contacto\/"]}]},{"@type":"BreadcrumbList","@id":"https:\/\/senoritarecords.com\/en\/contacto\/#breadcrumb","itemListElement":[{"@type":"ListItem","position":1,"name":"Portada","item":"https:\/\/senoritarecords.com\/en\/"},{"@type":"ListItem","position":2,"name":"Contacto"}]},{"@type":"WebSite","@id":"https:\/\/senoritarecords.com\/en\/#website","url":"https:\/\/senoritarecords.com\/en\/","name":"Se\u00f1orita Records","description":"Ponemos los decibelios en tu coraz\u00f3n","publisher":{"@id":"https:\/\/senoritarecords.com\/en\/#organization"},"potentialAction":[{"@type":"SearchAction","target":{"@type":"EntryPoint","urlTemplate":"https:\/\/senoritarecords.com\/en\/?s={search_term_string}"},"query-input":{"@type":"PropertyValueSpecification","valueRequired":true,"valueName":"search_term_string"}}],"inLanguage":"es"},{"@type":"Organization","@id":"https:\/\/senoritarecords.com\/en\/#organization","name":"Se\u00f1orita Records","url":"https:\/\/senoritarecords.com\/en\/","logo":{"@type":"ImageObject","inLanguage":"es","@id":"https:\/\/senoritarecords.com\/en\/#\/schema\/logo\/image\/","url":"https:\/\/senoritarecords.com\/en\/wp-content\/uploads\/2022\/12\/SenoritaRecords_Logo-v10b_MASTER_pos_negre.png","contentUrl":"https:\/\/senoritarecords.com\/en\/wp-content\/uploads\/2022\/12\/SenoritaRecords_Logo-v10b_MASTER_pos_negre.png","width":1500,"height":1500,"caption":"Se\u00f1orita Records"},"image":{"@id":"https:\/\/senoritarecords.com\/en\/#\/schema\/logo\/image\/"},"sameAs":["https:\/\/www.facebook.com\/silber.dirk.7\/","https:\/\/www.instagram.com\/djego_silber\/","https:\/\/www.instagram.com\/senoritarecords\/"]}]}},"_links":{"self":[{"href":"https:\/\/senoritarecords.com\/en\/wp-json\/wp\/v2\/pages\/24","targetHints":{"allow":["GET"]}}],"collection":[{"href":"https:\/\/senoritarecords.com\/en\/wp-json\/wp\/v2\/pages"}],"about":[{"href":"https:\/\/senoritarecords.com\/en\/wp-json\/wp\/v2\/types\/page"}],"author":[{"embeddable":true,"href":"https:\/\/senoritarecords.com\/en\/wp-json\/wp\/v2\/users\/1"}],"replies":[{"embeddable":true,"href":"https:\/\/senoritarecords.com\/en\/wp-json\/wp\/v2\/comments?post=24"}],"version-history":[{"count":82,"href":"https:\/\/senoritarecords.com\/en\/wp-json\/wp\/v2\/pages\/24\/revisions"}],"predecessor-version":[{"id":3503,"href":"https:\/\/senoritarecords.com\/en\/wp-json\/wp\/v2\/pages\/24\/revisions\/3503"}],"wp:attachment":[{"href":"https:\/\/senoritarecords.com\/en\/wp-json\/wp\/v2\/media?parent=24"}],"curies":[{"name":"wp","href":"https:\/\/api.w.org\/{rel}","templated":true}]}}