{"id":26,"date":"2019-10-02T06:53:35","date_gmt":"2019-10-02T06:53:35","guid":{"rendered":"https:\/\/ld-wp73.template-help.com\/wordpress\/prod_774\/v1\/?page_id=26"},"modified":"2025-04-23T14:55:59","modified_gmt":"2025-04-23T14:55:59","slug":"musica","status":"publish","type":"page","link":"https:\/\/senoritarecords.com\/en\/musica\/","title":{"rendered":"M\u00fasica"},"content":{"rendered":"\t\t<div data-elementor-type=\"wp-page\" data-elementor-id=\"26\" class=\"elementor elementor-26\" data-elementor-post-type=\"page\">\n\t\t\t\t\t\t<section class=\"elementor-section elementor-top-section elementor-element elementor-element-ba119dd elementor-section-boxed elementor-section-height-default elementor-section-height-default\" data-id=\"ba119dd\" data-element_type=\"section\" data-e-type=\"section\" data-settings=\"{&quot;background_background&quot;:&quot;classic&quot;}\">\n\t\t\t\t\t\t\t<div class=\"elementor-background-overlay\"><\/div>\n\t\t\t\t\t\t\t<div class=\"elementor-container elementor-column-gap-default\">\n\t\t\t\t\t<div class=\"elementor-column elementor-col-100 elementor-top-column elementor-element elementor-element-4257e35\" data-id=\"4257e35\" data-element_type=\"column\" data-e-type=\"column\">\n\t\t\t<div class=\"elementor-widget-wrap elementor-element-populated\">\n\t\t\t\t\t\t<div class=\"elementor-element elementor-element-7b1f390 elementor-widget elementor-widget-heading\" data-id=\"7b1f390\" data-element_type=\"widget\" data-e-type=\"widget\" data-widget_type=\"heading.default\">\n\t\t\t\t<div class=\"elementor-widget-container\">\n\t\t\t\t\t<h2 class=\"elementor-heading-title elementor-size-default\">Music<\/h2>\t\t\t\t<\/div>\n\t\t\t\t<\/div>\n\t\t\t\t<section class=\"elementor-section elementor-inner-section elementor-element elementor-element-346ab31 elementor-section-boxed elementor-section-height-default elementor-section-height-default\" data-id=\"346ab31\" data-element_type=\"section\" data-e-type=\"section\" data-settings=\"{&quot;background_background&quot;:&quot;classic&quot;}\">\n\t\t\t\t\t\t<div class=\"elementor-container elementor-column-gap-default\">\n\t\t\t\t\t<div class=\"elementor-column elementor-col-50 elementor-inner-column elementor-element elementor-element-3d7dbbd\" data-id=\"3d7dbbd\" data-element_type=\"column\" data-e-type=\"column\">\n\t\t\t<div class=\"elementor-widget-wrap elementor-element-populated\">\n\t\t\t\t\t\t<div class=\"elementor-element elementor-element-d909735 animated-slow e-transform elementor-widget elementor-widget-image\" data-id=\"d909735\" data-element_type=\"widget\" data-e-type=\"widget\" data-settings=\"{&quot;_animation&quot;:&quot;none&quot;,&quot;_transform_scale_effect_hover&quot;:{&quot;unit&quot;:&quot;px&quot;,&quot;size&quot;:1.1,&quot;sizes&quot;:[]},&quot;_transform_scale_effect_hover_tablet&quot;:{&quot;unit&quot;:&quot;px&quot;,&quot;size&quot;:&quot;&quot;,&quot;sizes&quot;:[]},&quot;_transform_scale_effect_hover_mobile&quot;:{&quot;unit&quot;:&quot;px&quot;,&quot;size&quot;:&quot;&quot;,&quot;sizes&quot;:[]}}\" data-widget_type=\"image.default\">\n\t\t\t\t<div class=\"elementor-widget-container\">\n\t\t\t\t\t\t\t\t\t\t\t\t\t\t\t\t<a href=\"https:\/\/senoritarecords.com\/en\/elementor-3988\/\">\n\t\t\t\t\t\t\t<img fetchpriority=\"high\" decoding=\"async\" width=\"2400\" height=\"2400\" src=\"https:\/\/senoritarecords.com\/en\/wp-content\/uploads\/2022\/01\/DJ_SILBER-copia.jpg\" class=\"attachment-full size-full wp-image-2084\" alt=\"\" srcset=\"https:\/\/senoritarecords.com\/en\/wp-content\/uploads\/2022\/01\/DJ_SILBER-copia.jpg 2400w, https:\/\/senoritarecords.com\/en\/wp-content\/uploads\/2022\/01\/DJ_SILBER-copia-300x300.jpg 300w, https:\/\/senoritarecords.com\/en\/wp-content\/uploads\/2022\/01\/DJ_SILBER-copia-1024x1024.jpg 1024w, https:\/\/senoritarecords.com\/en\/wp-content\/uploads\/2022\/01\/DJ_SILBER-copia-150x150.jpg 150w, https:\/\/senoritarecords.com\/en\/wp-content\/uploads\/2022\/01\/DJ_SILBER-copia-768x768.jpg 768w, https:\/\/senoritarecords.com\/en\/wp-content\/uploads\/2022\/01\/DJ_SILBER-copia-1536x1536.jpg 1536w, https:\/\/senoritarecords.com\/en\/wp-content\/uploads\/2022\/01\/DJ_SILBER-copia-2048x2048.jpg 2048w, https:\/\/senoritarecords.com\/en\/wp-content\/uploads\/2022\/01\/DJ_SILBER-copia-230x230.jpg 230w, https:\/\/senoritarecords.com\/en\/wp-content\/uploads\/2022\/01\/DJ_SILBER-copia-400x400.jpg 400w, https:\/\/senoritarecords.com\/en\/wp-content\/uploads\/2022\/01\/DJ_SILBER-copia-600x600.jpg 600w, https:\/\/senoritarecords.com\/en\/wp-content\/uploads\/2022\/01\/DJ_SILBER-copia-640x640.jpg 640w, https:\/\/senoritarecords.com\/en\/wp-content\/uploads\/2022\/01\/DJ_SILBER-copia-1320x1320.jpg 1320w, https:\/\/senoritarecords.com\/en\/wp-content\/uploads\/2022\/01\/DJ_SILBER-copia-100x100.jpg 100w\" sizes=\"(max-width: 2400px) 100vw, 2400px\" \/>\t\t\t\t\t\t\t\t<\/a>\n\t\t\t\t\t\t\t\t\t\t\t\t\t\t\t<\/div>\n\t\t\t\t<\/div>\n\t\t\t\t<div class=\"elementor-element elementor-element-de8d1e6 elementor-widget elementor-widget-heading\" data-id=\"de8d1e6\" data-element_type=\"widget\" data-e-type=\"widget\" data-widget_type=\"heading.default\">\n\t\t\t\t<div class=\"elementor-widget-container\">\n\t\t\t\t\t<h2 class=\"elementor-heading-title elementor-size-default\">DJego Silber<\/h2>\t\t\t\t<\/div>\n\t\t\t\t<\/div>\n\t\t\t\t\t<\/div>\n\t\t<\/div>\n\t\t\t\t<div class=\"elementor-column elementor-col-50 elementor-inner-column elementor-element elementor-element-731f55f\" data-id=\"731f55f\" data-element_type=\"column\" data-e-type=\"column\">\n\t\t\t<div class=\"elementor-widget-wrap elementor-element-populated\">\n\t\t\t\t\t\t<div class=\"elementor-element elementor-element-86fafcd elementor-widget elementor-widget-text-editor\" data-id=\"86fafcd\" data-element_type=\"widget\" data-e-type=\"widget\" data-widget_type=\"text-editor.default\">\n\t\t\t\t<div class=\"elementor-widget-container\">\n\t\t\t\t\t\t\t\t\t<p>DJego Silber started his career in music at the age of 14. He played electric guitar and bass in different bands in his hometown Detmold (Germany). Shortly after he began to stand out as a composer and started writing songs for various bands, going through different styles over the years. At the end of the 90&#8217;s and thanks to his collaborations with well-known electronic music producers, he got into the world of electronic, techno, house and chill out music, becoming one of his passions. During the last 20 years he has lived traveling between Asia and Spain, where he has been living since 2003. He has worked in countries such as China, Hongkong, Philipinas, Korea and Thailand, where he has collaborated with several renowned producers in different musical styles.<\/p><p>Finally, in 2021, Djego Silber decides to fulfill his dream and create his own record label in Spain, and Se\u00f1orita Records is born to combine his favorite music genres: house and pop dance in Se\u00f1orita Records White Edition, and electronic music in Se\u00f1orita Records Black Edition.<\/p>\t\t\t\t\t\t\t\t<\/div>\n\t\t\t\t<\/div>\n\t\t\t\t\t<\/div>\n\t\t<\/div>\n\t\t\t\t\t<\/div>\n\t\t<\/section>\n\t\t\t\t<section class=\"elementor-section elementor-inner-section elementor-element elementor-element-e094556 elementor-section-boxed elementor-section-height-default elementor-section-height-default\" data-id=\"e094556\" data-element_type=\"section\" data-e-type=\"section\" data-settings=\"{&quot;background_background&quot;:&quot;classic&quot;}\">\n\t\t\t\t\t\t<div class=\"elementor-container elementor-column-gap-default\">\n\t\t\t\t\t<div class=\"elementor-column elementor-col-50 elementor-inner-column elementor-element elementor-element-8a2aaf1\" data-id=\"8a2aaf1\" data-element_type=\"column\" data-e-type=\"column\">\n\t\t\t<div class=\"elementor-widget-wrap elementor-element-populated\">\n\t\t\t\t\t\t<div class=\"elementor-element elementor-element-6cd7720 animated-slow e-transform elementor-widget elementor-widget-image\" data-id=\"6cd7720\" data-element_type=\"widget\" data-e-type=\"widget\" data-settings=\"{&quot;_animation&quot;:&quot;none&quot;,&quot;_transform_scale_effect_hover&quot;:{&quot;unit&quot;:&quot;px&quot;,&quot;size&quot;:1.1,&quot;sizes&quot;:[]},&quot;_transform_scale_effect_hover_tablet&quot;:{&quot;unit&quot;:&quot;px&quot;,&quot;size&quot;:&quot;&quot;,&quot;sizes&quot;:[]},&quot;_transform_scale_effect_hover_mobile&quot;:{&quot;unit&quot;:&quot;px&quot;,&quot;size&quot;:&quot;&quot;,&quot;sizes&quot;:[]}}\" data-widget_type=\"image.default\">\n\t\t\t\t<div class=\"elementor-widget-container\">\n\t\t\t\t\t\t\t\t\t\t\t\t\t\t\t\t<a href=\"https:\/\/senoritarecords.com\/en\/jsds\/\">\n\t\t\t\t\t\t\t<img decoding=\"async\" width=\"4721\" height=\"4721\" src=\"https:\/\/senoritarecords.com\/en\/wp-content\/uploads\/2025\/02\/Logo_JSDS_I_Circular.png\" class=\"attachment-full size-full wp-image-3884\" alt=\"\" srcset=\"https:\/\/senoritarecords.com\/en\/wp-content\/uploads\/2025\/02\/Logo_JSDS_I_Circular.png 4721w, https:\/\/senoritarecords.com\/en\/wp-content\/uploads\/2025\/02\/Logo_JSDS_I_Circular-300x300.png 300w, https:\/\/senoritarecords.com\/en\/wp-content\/uploads\/2025\/02\/Logo_JSDS_I_Circular-1024x1024.png 1024w, https:\/\/senoritarecords.com\/en\/wp-content\/uploads\/2025\/02\/Logo_JSDS_I_Circular-150x150.png 150w, https:\/\/senoritarecords.com\/en\/wp-content\/uploads\/2025\/02\/Logo_JSDS_I_Circular-768x768.png 768w, https:\/\/senoritarecords.com\/en\/wp-content\/uploads\/2025\/02\/Logo_JSDS_I_Circular-1536x1536.png 1536w, https:\/\/senoritarecords.com\/en\/wp-content\/uploads\/2025\/02\/Logo_JSDS_I_Circular-2048x2048.png 2048w, https:\/\/senoritarecords.com\/en\/wp-content\/uploads\/2025\/02\/Logo_JSDS_I_Circular-230x230.png 230w, https:\/\/senoritarecords.com\/en\/wp-content\/uploads\/2025\/02\/Logo_JSDS_I_Circular-400x400.png 400w, https:\/\/senoritarecords.com\/en\/wp-content\/uploads\/2025\/02\/Logo_JSDS_I_Circular-600x600.png 600w, https:\/\/senoritarecords.com\/en\/wp-content\/uploads\/2025\/02\/Logo_JSDS_I_Circular-640x640.png 640w, https:\/\/senoritarecords.com\/en\/wp-content\/uploads\/2025\/02\/Logo_JSDS_I_Circular-100x100.png 100w\" sizes=\"(max-width: 4721px) 100vw, 4721px\" \/>\t\t\t\t\t\t\t\t<\/a>\n\t\t\t\t\t\t\t\t\t\t\t\t\t\t\t<\/div>\n\t\t\t\t<\/div>\n\t\t\t\t<div class=\"elementor-element elementor-element-72d6c7f elementor-widget elementor-widget-heading\" data-id=\"72d6c7f\" data-element_type=\"widget\" data-e-type=\"widget\" data-widget_type=\"heading.default\">\n\t\t\t\t<div class=\"elementor-widget-container\">\n\t\t\t\t\t<h2 class=\"elementor-heading-title elementor-size-default\">JSDS<\/h2>\t\t\t\t<\/div>\n\t\t\t\t<\/div>\n\t\t\t\t\t<\/div>\n\t\t<\/div>\n\t\t\t\t<div class=\"elementor-column elementor-col-50 elementor-inner-column elementor-element elementor-element-0d11c0a\" data-id=\"0d11c0a\" data-element_type=\"column\" data-e-type=\"column\">\n\t\t\t<div class=\"elementor-widget-wrap elementor-element-populated\">\n\t\t\t\t\t\t<div class=\"elementor-element elementor-element-2d95b08 elementor-widget elementor-widget-text-editor\" data-id=\"2d95b08\" data-element_type=\"widget\" data-e-type=\"widget\" data-widget_type=\"text-editor.default\">\n\t\t\t\t<div class=\"elementor-widget-container\">\n\t\t\t\t\t\t\t\t\t<p>JSDS is the collaborative project between DJego Silber and Jesse Skeens, two artists with unique backgrounds combining decades of experience in electronic and house music. DJego, originally from Germany, started his musical career playing guitar and bass in local bands, but in the 90&#8217;s he moved into electronica. After living in Asia and Spain, he founded his label Se\u00f1orita Records, where he fuses house, pop dance and electronica.<\/p><p>Boston-born Jesse was drawn to music and technology from a young age, influenced by New Order and acid house. In the 90&#8217;s, his productions were featured on renowned compilations. After a successful foray into sound engineering, he met DJego while mastering his tracks, giving rise to JSDS, a project that fuses groove and deep emotion.<\/p><p>The duo creates a vibrant and emotive sound that connects with listeners, taking house and electronica to new sonic frontiers, under the label Se\u00f1orita Records.<\/p>\t\t\t\t\t\t\t\t<\/div>\n\t\t\t\t<\/div>\n\t\t\t\t\t<\/div>\n\t\t<\/div>\n\t\t\t\t\t<\/div>\n\t\t<\/section>\n\t\t\t\t\t<\/div>\n\t\t<\/div>\n\t\t\t\t\t<\/div>\n\t\t<\/section>\n\t\t\t\t<\/div>\n\t\t","protected":false},"excerpt":{"rendered":"<p>Music DJego Silber DJego Silber started his career in music at the age of 14. He played electric guitar and bass in different bands in his hometown Detmold (Germany). Shortly after he began to stand out as a composer and started writing songs for various bands, going through different styles over the years. At the [&hellip;]<\/p>\n","protected":false},"author":1,"featured_media":0,"parent":0,"menu_order":0,"comment_status":"closed","ping_status":"closed","template":"page-templates\/fullwidth-content.php","meta":{"footnotes":""},"class_list":["post-26","page","type-page","status-publish","hentry"],"acf":[],"yoast_head":"<!-- This site is optimized with the Yoast SEO plugin v24.2 - https:\/\/yoast.com\/wordpress\/plugins\/seo\/ -->\n<title>M\u00fasica - Se\u00f1orita Records<\/title>\n<meta name=\"robots\" content=\"index, follow, max-snippet:-1, max-image-preview:large, max-video-preview:-1\" \/>\n<link rel=\"canonical\" href=\"https:\/\/senoritarecords.com\/en\/musica\/\" \/>\n<meta property=\"og:locale\" content=\"es_ES\" \/>\n<meta property=\"og:type\" content=\"article\" \/>\n<meta property=\"og:title\" content=\"M\u00fasica - Se\u00f1orita Records\" \/>\n<meta property=\"og:description\" content=\"Music DJego Silber DJego Silber started his career in music at the age of 14. He played electric guitar and bass in different bands in his hometown Detmold (Germany). Shortly after he began to stand out as a composer and started writing songs for various bands, going through different styles over the years. At the [&hellip;]\" \/>\n<meta property=\"og:url\" content=\"https:\/\/senoritarecords.com\/en\/musica\/\" \/>\n<meta property=\"og:site_name\" content=\"Se\u00f1orita Records\" \/>\n<meta property=\"article:publisher\" content=\"https:\/\/www.facebook.com\/silber.dirk.7\/\" \/>\n<meta property=\"article:modified_time\" content=\"2025-04-23T14:55:59+00:00\" \/>\n<meta property=\"og:image\" content=\"https:\/\/senoritarecords.com\/en\/wp-content\/uploads\/2022\/01\/DJ_SILBER-copia.jpg\" \/>\n\t<meta property=\"og:image:width\" content=\"2400\" \/>\n\t<meta property=\"og:image:height\" content=\"2400\" \/>\n\t<meta property=\"og:image:type\" content=\"image\/jpeg\" \/>\n<meta name=\"twitter:card\" content=\"summary_large_image\" \/>\n<meta name=\"twitter:label1\" content=\"Tiempo de lectura\" \/>\n\t<meta name=\"twitter:data1\" content=\"2 minutos\" \/>\n<script type=\"application\/ld+json\" class=\"yoast-schema-graph\">{\"@context\":\"https:\/\/schema.org\",\"@graph\":[{\"@type\":\"WebPage\",\"@id\":\"https:\/\/senoritarecords.com\/en\/musica\/\",\"url\":\"https:\/\/senoritarecords.com\/en\/musica\/\",\"name\":\"M\u00fasica - Se\u00f1orita Records\",\"isPartOf\":{\"@id\":\"https:\/\/senoritarecords.com\/en\/#website\"},\"primaryImageOfPage\":{\"@id\":\"https:\/\/senoritarecords.com\/en\/musica\/#primaryimage\"},\"image\":{\"@id\":\"https:\/\/senoritarecords.com\/en\/musica\/#primaryimage\"},\"thumbnailUrl\":\"https:\/\/senoritarecords.com\/en\/wp-content\/uploads\/2022\/01\/DJ_SILBER-copia.jpg\",\"datePublished\":\"2019-10-02T06:53:35+00:00\",\"dateModified\":\"2025-04-23T14:55:59+00:00\",\"breadcrumb\":{\"@id\":\"https:\/\/senoritarecords.com\/en\/musica\/#breadcrumb\"},\"inLanguage\":\"es\",\"potentialAction\":[{\"@type\":\"ReadAction\",\"target\":[\"https:\/\/senoritarecords.com\/en\/musica\/\"]}]},{\"@type\":\"ImageObject\",\"inLanguage\":\"es\",\"@id\":\"https:\/\/senoritarecords.com\/en\/musica\/#primaryimage\",\"url\":\"https:\/\/senoritarecords.com\/en\/wp-content\/uploads\/2022\/01\/DJ_SILBER-copia.jpg\",\"contentUrl\":\"https:\/\/senoritarecords.com\/en\/wp-content\/uploads\/2022\/01\/DJ_SILBER-copia.jpg\",\"width\":2400,\"height\":2400},{\"@type\":\"BreadcrumbList\",\"@id\":\"https:\/\/senoritarecords.com\/en\/musica\/#breadcrumb\",\"itemListElement\":[{\"@type\":\"ListItem\",\"position\":1,\"name\":\"Portada\",\"item\":\"https:\/\/senoritarecords.com\/en\/\"},{\"@type\":\"ListItem\",\"position\":2,\"name\":\"M\u00fasica\"}]},{\"@type\":\"WebSite\",\"@id\":\"https:\/\/senoritarecords.com\/en\/#website\",\"url\":\"https:\/\/senoritarecords.com\/en\/\",\"name\":\"Se\u00f1orita Records\",\"description\":\"Ponemos los decibelios en tu coraz\u00f3n\",\"publisher\":{\"@id\":\"https:\/\/senoritarecords.com\/en\/#organization\"},\"potentialAction\":[{\"@type\":\"SearchAction\",\"target\":{\"@type\":\"EntryPoint\",\"urlTemplate\":\"https:\/\/senoritarecords.com\/en\/?s={search_term_string}\"},\"query-input\":{\"@type\":\"PropertyValueSpecification\",\"valueRequired\":true,\"valueName\":\"search_term_string\"}}],\"inLanguage\":\"es\"},{\"@type\":\"Organization\",\"@id\":\"https:\/\/senoritarecords.com\/en\/#organization\",\"name\":\"Se\u00f1orita Records\",\"url\":\"https:\/\/senoritarecords.com\/en\/\",\"logo\":{\"@type\":\"ImageObject\",\"inLanguage\":\"es\",\"@id\":\"https:\/\/senoritarecords.com\/en\/#\/schema\/logo\/image\/\",\"url\":\"https:\/\/senoritarecords.com\/en\/wp-content\/uploads\/2022\/12\/SenoritaRecords_Logo-v10b_MASTER_pos_negre.png\",\"contentUrl\":\"https:\/\/senoritarecords.com\/en\/wp-content\/uploads\/2022\/12\/SenoritaRecords_Logo-v10b_MASTER_pos_negre.png\",\"width\":1500,\"height\":1500,\"caption\":\"Se\u00f1orita Records\"},\"image\":{\"@id\":\"https:\/\/senoritarecords.com\/en\/#\/schema\/logo\/image\/\"},\"sameAs\":[\"https:\/\/www.facebook.com\/silber.dirk.7\/\",\"https:\/\/www.instagram.com\/djego_silber\/\",\"https:\/\/www.instagram.com\/senoritarecords\/\"]}]}<\/script>\n<!-- \/ Yoast SEO plugin. -->","yoast_head_json":{"title":"M\u00fasica - Se\u00f1orita Records","robots":{"index":"index","follow":"follow","max-snippet":"max-snippet:-1","max-image-preview":"max-image-preview:large","max-video-preview":"max-video-preview:-1"},"canonical":"https:\/\/senoritarecords.com\/en\/musica\/","og_locale":"es_ES","og_type":"article","og_title":"M\u00fasica - Se\u00f1orita Records","og_description":"Music DJego Silber DJego Silber started his career in music at the age of 14. He played electric guitar and bass in different bands in his hometown Detmold (Germany). Shortly after he began to stand out as a composer and started writing songs for various bands, going through different styles over the years. At the [&hellip;]","og_url":"https:\/\/senoritarecords.com\/en\/musica\/","og_site_name":"Se\u00f1orita Records","article_publisher":"https:\/\/www.facebook.com\/silber.dirk.7\/","article_modified_time":"2025-04-23T14:55:59+00:00","og_image":[{"width":2400,"height":2400,"url":"https:\/\/senoritarecords.com\/en\/wp-content\/uploads\/2022\/01\/DJ_SILBER-copia.jpg","type":"image\/jpeg"}],"twitter_card":"summary_large_image","twitter_misc":{"Tiempo de lectura":"2 minutos"},"schema":{"@context":"https:\/\/schema.org","@graph":[{"@type":"WebPage","@id":"https:\/\/senoritarecords.com\/en\/musica\/","url":"https:\/\/senoritarecords.com\/en\/musica\/","name":"M\u00fasica - Se\u00f1orita Records","isPartOf":{"@id":"https:\/\/senoritarecords.com\/en\/#website"},"primaryImageOfPage":{"@id":"https:\/\/senoritarecords.com\/en\/musica\/#primaryimage"},"image":{"@id":"https:\/\/senoritarecords.com\/en\/musica\/#primaryimage"},"thumbnailUrl":"https:\/\/senoritarecords.com\/en\/wp-content\/uploads\/2022\/01\/DJ_SILBER-copia.jpg","datePublished":"2019-10-02T06:53:35+00:00","dateModified":"2025-04-23T14:55:59+00:00","breadcrumb":{"@id":"https:\/\/senoritarecords.com\/en\/musica\/#breadcrumb"},"inLanguage":"es","potentialAction":[{"@type":"ReadAction","target":["https:\/\/senoritarecords.com\/en\/musica\/"]}]},{"@type":"ImageObject","inLanguage":"es","@id":"https:\/\/senoritarecords.com\/en\/musica\/#primaryimage","url":"https:\/\/senoritarecords.com\/en\/wp-content\/uploads\/2022\/01\/DJ_SILBER-copia.jpg","contentUrl":"https:\/\/senoritarecords.com\/en\/wp-content\/uploads\/2022\/01\/DJ_SILBER-copia.jpg","width":2400,"height":2400},{"@type":"BreadcrumbList","@id":"https:\/\/senoritarecords.com\/en\/musica\/#breadcrumb","itemListElement":[{"@type":"ListItem","position":1,"name":"Portada","item":"https:\/\/senoritarecords.com\/en\/"},{"@type":"ListItem","position":2,"name":"M\u00fasica"}]},{"@type":"WebSite","@id":"https:\/\/senoritarecords.com\/en\/#website","url":"https:\/\/senoritarecords.com\/en\/","name":"Se\u00f1orita Records","description":"Ponemos los decibelios en tu coraz\u00f3n","publisher":{"@id":"https:\/\/senoritarecords.com\/en\/#organization"},"potentialAction":[{"@type":"SearchAction","target":{"@type":"EntryPoint","urlTemplate":"https:\/\/senoritarecords.com\/en\/?s={search_term_string}"},"query-input":{"@type":"PropertyValueSpecification","valueRequired":true,"valueName":"search_term_string"}}],"inLanguage":"es"},{"@type":"Organization","@id":"https:\/\/senoritarecords.com\/en\/#organization","name":"Se\u00f1orita Records","url":"https:\/\/senoritarecords.com\/en\/","logo":{"@type":"ImageObject","inLanguage":"es","@id":"https:\/\/senoritarecords.com\/en\/#\/schema\/logo\/image\/","url":"https:\/\/senoritarecords.com\/en\/wp-content\/uploads\/2022\/12\/SenoritaRecords_Logo-v10b_MASTER_pos_negre.png","contentUrl":"https:\/\/senoritarecords.com\/en\/wp-content\/uploads\/2022\/12\/SenoritaRecords_Logo-v10b_MASTER_pos_negre.png","width":1500,"height":1500,"caption":"Se\u00f1orita Records"},"image":{"@id":"https:\/\/senoritarecords.com\/en\/#\/schema\/logo\/image\/"},"sameAs":["https:\/\/www.facebook.com\/silber.dirk.7\/","https:\/\/www.instagram.com\/djego_silber\/","https:\/\/www.instagram.com\/senoritarecords\/"]}]}},"_links":{"self":[{"href":"https:\/\/senoritarecords.com\/en\/wp-json\/wp\/v2\/pages\/26","targetHints":{"allow":["GET"]}}],"collection":[{"href":"https:\/\/senoritarecords.com\/en\/wp-json\/wp\/v2\/pages"}],"about":[{"href":"https:\/\/senoritarecords.com\/en\/wp-json\/wp\/v2\/types\/page"}],"author":[{"embeddable":true,"href":"https:\/\/senoritarecords.com\/en\/wp-json\/wp\/v2\/users\/1"}],"replies":[{"embeddable":true,"href":"https:\/\/senoritarecords.com\/en\/wp-json\/wp\/v2\/comments?post=26"}],"version-history":[{"count":697,"href":"https:\/\/senoritarecords.com\/en\/wp-json\/wp\/v2\/pages\/26\/revisions"}],"predecessor-version":[{"id":4453,"href":"https:\/\/senoritarecords.com\/en\/wp-json\/wp\/v2\/pages\/26\/revisions\/4453"}],"wp:attachment":[{"href":"https:\/\/senoritarecords.com\/en\/wp-json\/wp\/v2\/media?parent=26"}],"curies":[{"name":"wp","href":"https:\/\/api.w.org\/{rel}","templated":true}]}}