{"id":1154,"date":"2021-05-25T11:18:35","date_gmt":"2021-05-25T11:18:35","guid":{"rendered":"https:\/\/senoritarecords.com\/producto\/gorra-snapback\/"},"modified":"2023-03-15T14:05:48","modified_gmt":"2023-03-15T14:05:48","slug":"gorra-snapback","status":"publish","type":"product","link":"https:\/\/senoritarecords.com\/en\/producto\/gorra-snapback\/","title":{"rendered":"Gorra snapback"},"content":{"rendered":"<p>Esta gorra estructurada con dise\u00f1o cl\u00e1sico dispone de una visera plana y refuerzo con tejido r\u00edgido por toda la corona. El cierre ajustable a presi\u00f3n la hace muy c\u00f3moda. Talla \u00fanica para mayor\u00eda de circunferencias. <\/p>\n<p>\u2022 80% acr\u00edlico, 20% lana (verde camuflaje: 60% algod\u00f3n, 40% poli\u00e9ster)<br \/>\n\u2022 Estructurada, 6 paneles, corona alta<br \/>\n\u2022 Cierre a presi\u00f3n de pl\u00e1stico<br \/>\n\u2022 Parte inferior de la visera en color verde<br \/>\n&#8211; Circunferencia de la cabeza: 55-60 cm (21 \u215d\u201d-23 \u215d\u201d)<\/p>\n","protected":false},"excerpt":{"rendered":"<p>Esta gorra estructurada con dise\u00f1o cl\u00e1sico dispone de una visera plana y refuerzo con tejido r\u00edgido por toda la corona. El cierre ajustable a presi\u00f3n la hace muy c\u00f3moda. Talla \u00fanica para mayor\u00eda de circunferencias. \u2022 80% acr\u00edlico, 20% lana (verde camuflaje: 60% algod\u00f3n, 40% poli\u00e9ster) \u2022 Estructurada, 6 paneles, corona alta \u2022 Cierre a [&hellip;]<\/p>\n","protected":false},"featured_media":1175,"template":"","meta":[],"product_brand":[],"product_cat":[27],"product_tag":[],"class_list":{"0":"post-1154","1":"product","2":"type-product","3":"status-publish","4":"has-post-thumbnail","6":"product_cat-sin-categorizar","8":"first","9":"instock","10":"taxable","11":"shipping-taxable","12":"purchasable","13":"product-type-variable"},"acf":[],"yoast_head":"<!-- This site is optimized with the Yoast SEO plugin v24.2 - https:\/\/yoast.com\/wordpress\/plugins\/seo\/ -->\n<title>Gorra snapback - Se\u00f1orita Records<\/title>\n<meta name=\"robots\" content=\"index, follow, max-snippet:-1, max-image-preview:large, max-video-preview:-1\" \/>\n<link rel=\"canonical\" href=\"https:\/\/senoritarecords.com\/en\/producto\/gorra-snapback\/\" \/>\n<meta property=\"og:locale\" content=\"es_ES\" \/>\n<meta property=\"og:type\" content=\"article\" \/>\n<meta property=\"og:title\" content=\"Gorra snapback - Se\u00f1orita Records\" \/>\n<meta property=\"og:description\" content=\"Esta gorra estructurada con dise\u00f1o cl\u00e1sico dispone de una visera plana y refuerzo con tejido r\u00edgido por toda la corona. El cierre ajustable a presi\u00f3n la hace muy c\u00f3moda. Talla \u00fanica para mayor\u00eda de circunferencias. \u2022 80% acr\u00edlico, 20% lana (verde camuflaje: 60% algod\u00f3n, 40% poli\u00e9ster) \u2022 Estructurada, 6 paneles, corona alta \u2022 Cierre a [&hellip;]\" \/>\n<meta property=\"og:url\" content=\"https:\/\/senoritarecords.com\/en\/producto\/gorra-snapback\/\" \/>\n<meta property=\"og:site_name\" content=\"Se\u00f1orita Records\" \/>\n<meta property=\"article:publisher\" content=\"https:\/\/www.facebook.com\/silber.dirk.7\/\" \/>\n<meta property=\"article:modified_time\" content=\"2023-03-15T14:05:48+00:00\" \/>\n<meta property=\"og:image\" content=\"https:\/\/senoritarecords.com\/en\/wp-content\/uploads\/2021\/05\/classic-snapback-navy-front-60acdcdf0eaa1.jpg\" \/>\n\t<meta property=\"og:image:width\" content=\"1000\" \/>\n\t<meta property=\"og:image:height\" content=\"1000\" \/>\n\t<meta property=\"og:image:type\" content=\"image\/jpeg\" \/>\n<meta name=\"twitter:card\" content=\"summary_large_image\" \/>\n<script type=\"application\/ld+json\" class=\"yoast-schema-graph\">{\"@context\":\"https:\/\/schema.org\",\"@graph\":[{\"@type\":\"WebPage\",\"@id\":\"https:\/\/senoritarecords.com\/en\/producto\/gorra-snapback\/\",\"url\":\"https:\/\/senoritarecords.com\/en\/producto\/gorra-snapback\/\",\"name\":\"Gorra snapback - Se\u00f1orita Records\",\"isPartOf\":{\"@id\":\"https:\/\/senoritarecords.com\/en\/#website\"},\"primaryImageOfPage\":{\"@id\":\"https:\/\/senoritarecords.com\/en\/producto\/gorra-snapback\/#primaryimage\"},\"image\":{\"@id\":\"https:\/\/senoritarecords.com\/en\/producto\/gorra-snapback\/#primaryimage\"},\"thumbnailUrl\":\"https:\/\/senoritarecords.com\/en\/wp-content\/uploads\/2021\/05\/classic-snapback-navy-front-60acdcdf0eaa1.jpg\",\"datePublished\":\"2021-05-25T11:18:35+00:00\",\"dateModified\":\"2023-03-15T14:05:48+00:00\",\"breadcrumb\":{\"@id\":\"https:\/\/senoritarecords.com\/en\/producto\/gorra-snapback\/#breadcrumb\"},\"inLanguage\":\"es\",\"potentialAction\":[{\"@type\":\"ReadAction\",\"target\":[\"https:\/\/senoritarecords.com\/en\/producto\/gorra-snapback\/\"]}]},{\"@type\":\"ImageObject\",\"inLanguage\":\"es\",\"@id\":\"https:\/\/senoritarecords.com\/en\/producto\/gorra-snapback\/#primaryimage\",\"url\":\"https:\/\/senoritarecords.com\/en\/wp-content\/uploads\/2021\/05\/classic-snapback-navy-front-60acdcdf0eaa1.jpg\",\"contentUrl\":\"https:\/\/senoritarecords.com\/en\/wp-content\/uploads\/2021\/05\/classic-snapback-navy-front-60acdcdf0eaa1.jpg\",\"width\":1000,\"height\":1000},{\"@type\":\"BreadcrumbList\",\"@id\":\"https:\/\/senoritarecords.com\/en\/producto\/gorra-snapback\/#breadcrumb\",\"itemListElement\":[{\"@type\":\"ListItem\",\"position\":1,\"name\":\"Portada\",\"item\":\"https:\/\/senoritarecords.com\/en\/\"},{\"@type\":\"ListItem\",\"position\":2,\"name\":\"tienda\",\"item\":\"https:\/\/senoritarecords.com\/en\/tienda\/\"},{\"@type\":\"ListItem\",\"position\":3,\"name\":\"Gorra snapback\"}]},{\"@type\":\"WebSite\",\"@id\":\"https:\/\/senoritarecords.com\/en\/#website\",\"url\":\"https:\/\/senoritarecords.com\/en\/\",\"name\":\"Se\u00f1orita Records\",\"description\":\"Ponemos los decibelios en tu coraz\u00f3n\",\"publisher\":{\"@id\":\"https:\/\/senoritarecords.com\/en\/#organization\"},\"potentialAction\":[{\"@type\":\"SearchAction\",\"target\":{\"@type\":\"EntryPoint\",\"urlTemplate\":\"https:\/\/senoritarecords.com\/en\/?s={search_term_string}\"},\"query-input\":{\"@type\":\"PropertyValueSpecification\",\"valueRequired\":true,\"valueName\":\"search_term_string\"}}],\"inLanguage\":\"es\"},{\"@type\":\"Organization\",\"@id\":\"https:\/\/senoritarecords.com\/en\/#organization\",\"name\":\"Se\u00f1orita Records\",\"url\":\"https:\/\/senoritarecords.com\/en\/\",\"logo\":{\"@type\":\"ImageObject\",\"inLanguage\":\"es\",\"@id\":\"https:\/\/senoritarecords.com\/en\/#\/schema\/logo\/image\/\",\"url\":\"https:\/\/senoritarecords.com\/en\/wp-content\/uploads\/2022\/12\/SenoritaRecords_Logo-v10b_MASTER_pos_negre.png\",\"contentUrl\":\"https:\/\/senoritarecords.com\/en\/wp-content\/uploads\/2022\/12\/SenoritaRecords_Logo-v10b_MASTER_pos_negre.png\",\"width\":1500,\"height\":1500,\"caption\":\"Se\u00f1orita Records\"},\"image\":{\"@id\":\"https:\/\/senoritarecords.com\/en\/#\/schema\/logo\/image\/\"},\"sameAs\":[\"https:\/\/www.facebook.com\/silber.dirk.7\/\",\"https:\/\/www.instagram.com\/djego_silber\/\",\"https:\/\/www.instagram.com\/senoritarecords\/\"]}]}<\/script>\n<!-- \/ Yoast SEO plugin. -->","yoast_head_json":{"title":"Gorra snapback - Se\u00f1orita Records","robots":{"index":"index","follow":"follow","max-snippet":"max-snippet:-1","max-image-preview":"max-image-preview:large","max-video-preview":"max-video-preview:-1"},"canonical":"https:\/\/senoritarecords.com\/en\/producto\/gorra-snapback\/","og_locale":"es_ES","og_type":"article","og_title":"Gorra snapback - Se\u00f1orita Records","og_description":"Esta gorra estructurada con dise\u00f1o cl\u00e1sico dispone de una visera plana y refuerzo con tejido r\u00edgido por toda la corona. El cierre ajustable a presi\u00f3n la hace muy c\u00f3moda. Talla \u00fanica para mayor\u00eda de circunferencias. \u2022 80% acr\u00edlico, 20% lana (verde camuflaje: 60% algod\u00f3n, 40% poli\u00e9ster) \u2022 Estructurada, 6 paneles, corona alta \u2022 Cierre a [&hellip;]","og_url":"https:\/\/senoritarecords.com\/en\/producto\/gorra-snapback\/","og_site_name":"Se\u00f1orita Records","article_publisher":"https:\/\/www.facebook.com\/silber.dirk.7\/","article_modified_time":"2023-03-15T14:05:48+00:00","og_image":[{"width":1000,"height":1000,"url":"https:\/\/senoritarecords.com\/en\/wp-content\/uploads\/2021\/05\/classic-snapback-navy-front-60acdcdf0eaa1.jpg","type":"image\/jpeg"}],"twitter_card":"summary_large_image","schema":{"@context":"https:\/\/schema.org","@graph":[{"@type":"WebPage","@id":"https:\/\/senoritarecords.com\/en\/producto\/gorra-snapback\/","url":"https:\/\/senoritarecords.com\/en\/producto\/gorra-snapback\/","name":"Gorra snapback - Se\u00f1orita Records","isPartOf":{"@id":"https:\/\/senoritarecords.com\/en\/#website"},"primaryImageOfPage":{"@id":"https:\/\/senoritarecords.com\/en\/producto\/gorra-snapback\/#primaryimage"},"image":{"@id":"https:\/\/senoritarecords.com\/en\/producto\/gorra-snapback\/#primaryimage"},"thumbnailUrl":"https:\/\/senoritarecords.com\/en\/wp-content\/uploads\/2021\/05\/classic-snapback-navy-front-60acdcdf0eaa1.jpg","datePublished":"2021-05-25T11:18:35+00:00","dateModified":"2023-03-15T14:05:48+00:00","breadcrumb":{"@id":"https:\/\/senoritarecords.com\/en\/producto\/gorra-snapback\/#breadcrumb"},"inLanguage":"es","potentialAction":[{"@type":"ReadAction","target":["https:\/\/senoritarecords.com\/en\/producto\/gorra-snapback\/"]}]},{"@type":"ImageObject","inLanguage":"es","@id":"https:\/\/senoritarecords.com\/en\/producto\/gorra-snapback\/#primaryimage","url":"https:\/\/senoritarecords.com\/en\/wp-content\/uploads\/2021\/05\/classic-snapback-navy-front-60acdcdf0eaa1.jpg","contentUrl":"https:\/\/senoritarecords.com\/en\/wp-content\/uploads\/2021\/05\/classic-snapback-navy-front-60acdcdf0eaa1.jpg","width":1000,"height":1000},{"@type":"BreadcrumbList","@id":"https:\/\/senoritarecords.com\/en\/producto\/gorra-snapback\/#breadcrumb","itemListElement":[{"@type":"ListItem","position":1,"name":"Portada","item":"https:\/\/senoritarecords.com\/en\/"},{"@type":"ListItem","position":2,"name":"tienda","item":"https:\/\/senoritarecords.com\/en\/tienda\/"},{"@type":"ListItem","position":3,"name":"Gorra snapback"}]},{"@type":"WebSite","@id":"https:\/\/senoritarecords.com\/en\/#website","url":"https:\/\/senoritarecords.com\/en\/","name":"Se\u00f1orita Records","description":"Ponemos los decibelios en tu coraz\u00f3n","publisher":{"@id":"https:\/\/senoritarecords.com\/en\/#organization"},"potentialAction":[{"@type":"SearchAction","target":{"@type":"EntryPoint","urlTemplate":"https:\/\/senoritarecords.com\/en\/?s={search_term_string}"},"query-input":{"@type":"PropertyValueSpecification","valueRequired":true,"valueName":"search_term_string"}}],"inLanguage":"es"},{"@type":"Organization","@id":"https:\/\/senoritarecords.com\/en\/#organization","name":"Se\u00f1orita Records","url":"https:\/\/senoritarecords.com\/en\/","logo":{"@type":"ImageObject","inLanguage":"es","@id":"https:\/\/senoritarecords.com\/en\/#\/schema\/logo\/image\/","url":"https:\/\/senoritarecords.com\/en\/wp-content\/uploads\/2022\/12\/SenoritaRecords_Logo-v10b_MASTER_pos_negre.png","contentUrl":"https:\/\/senoritarecords.com\/en\/wp-content\/uploads\/2022\/12\/SenoritaRecords_Logo-v10b_MASTER_pos_negre.png","width":1500,"height":1500,"caption":"Se\u00f1orita Records"},"image":{"@id":"https:\/\/senoritarecords.com\/en\/#\/schema\/logo\/image\/"},"sameAs":["https:\/\/www.facebook.com\/silber.dirk.7\/","https:\/\/www.instagram.com\/djego_silber\/","https:\/\/www.instagram.com\/senoritarecords\/"]}]}},"_links":{"self":[{"href":"https:\/\/senoritarecords.com\/en\/wp-json\/wp\/v2\/product\/1154","targetHints":{"allow":["GET"]}}],"collection":[{"href":"https:\/\/senoritarecords.com\/en\/wp-json\/wp\/v2\/product"}],"about":[{"href":"https:\/\/senoritarecords.com\/en\/wp-json\/wp\/v2\/types\/product"}],"wp:featuredmedia":[{"embeddable":true,"href":"https:\/\/senoritarecords.com\/en\/wp-json\/wp\/v2\/media\/1175"}],"wp:attachment":[{"href":"https:\/\/senoritarecords.com\/en\/wp-json\/wp\/v2\/media?parent=1154"}],"wp:term":[{"taxonomy":"product_brand","embeddable":true,"href":"https:\/\/senoritarecords.com\/en\/wp-json\/wp\/v2\/product_brand?post=1154"},{"taxonomy":"product_cat","embeddable":true,"href":"https:\/\/senoritarecords.com\/en\/wp-json\/wp\/v2\/product_cat?post=1154"},{"taxonomy":"product_tag","embeddable":true,"href":"https:\/\/senoritarecords.com\/en\/wp-json\/wp\/v2\/product_tag?post=1154"}],"curies":[{"name":"wp","href":"https:\/\/api.w.org\/{rel}","templated":true}]}}