{"id":1858,"date":"2022-01-13T11:23:20","date_gmt":"2022-01-13T11:23:20","guid":{"rendered":"https:\/\/senoritarecords.com\/producto\/botella-de-agua-de-acero-inoxidable\/"},"modified":"2023-03-15T14:05:47","modified_gmt":"2023-03-15T14:05:47","slug":"botella-de-agua-de-acero-inoxidable","status":"publish","type":"product","link":"https:\/\/senoritarecords.com\/en\/producto\/botella-de-agua-de-acero-inoxidable\/","title":{"rendered":"Botella de agua de acero inoxidable"},"content":{"rendered":"<p>Esta botella de acero inoxidable de doble capa de 500\u00a0ml (17 oz) es perfecta para tus salidas diarias. Mantiene la temperatura de tu bebida fr\u00eda o caliente durante horas. Adem\u00e1s, tiene un tap\u00f3n antiolores y antifugas. Ponla en el posavasos de tu coche mientras vas al trabajo, ll\u00e9vatela de caminata o gu\u00e1rdala en tu bolso para saciar tu sed cuando quieras.<\/p>\n<p>\u2022 Acero inoxidable de alto grado<br \/>\n\u2022 500\u00a0ml (17\u00a0oz)<br \/>\n\u2022 Dimensiones: 27 \u00d7 7 cm (10.5&quot; \u00d7 2.85&quot;)<br \/>\n\u2022 Termo de vac\u00edo<br \/>\n\u2022 Construcci\u00f3n de doble pared<br \/>\n\u2022 Forma de bolo<br \/>\n\u2022 Tap\u00f3n antiolor y antifuga<br \/>\n\u2022 Aislada para l\u00edquidos calientes y fr\u00edos (mantiene el l\u00edquido caliente o fr\u00edo durante 6 h)<br \/>\n\u2022 Revestimiento ORCA patentado con colores muy vivos<br \/>\n\u2022 Lavar \u00fanicamente a mano (no se recomienda lavarla en el lavavajillas debido al sello de vac\u00edo)<br \/>\n\u2022 Producto base procedente de EEUU<\/p>\n<p>Aviso: Mantener el agua en la botella durante m\u00e1s de 24 horas es antihigi\u00e9nico y puede provocar un olor desagradable.<\/p>\n","protected":false},"excerpt":{"rendered":"<p>Esta botella de acero inoxidable de doble capa de 500\u00a0ml (17 oz) es perfecta para tus salidas diarias. Mantiene la temperatura de tu bebida fr\u00eda o caliente durante horas. Adem\u00e1s, tiene un tap\u00f3n antiolores y antifugas. Ponla en el posavasos de tu coche mientras vas al trabajo, ll\u00e9vatela de caminata o gu\u00e1rdala en tu bolso [&hellip;]<\/p>\n","protected":false},"featured_media":1859,"template":"","meta":[],"product_brand":[],"product_cat":[27],"product_tag":[],"class_list":{"0":"post-1858","1":"product","2":"type-product","3":"status-publish","4":"has-post-thumbnail","6":"product_cat-sin-categorizar","8":"first","9":"instock","10":"taxable","11":"shipping-taxable","12":"purchasable","13":"product-type-simple"},"acf":[],"yoast_head":"<!-- This site is optimized with the Yoast SEO plugin v24.2 - https:\/\/yoast.com\/wordpress\/plugins\/seo\/ -->\n<title>Botella de agua de acero inoxidable - Se\u00f1orita Records<\/title>\n<meta name=\"robots\" content=\"index, follow, max-snippet:-1, max-image-preview:large, max-video-preview:-1\" \/>\n<link rel=\"canonical\" href=\"https:\/\/senoritarecords.com\/en\/producto\/botella-de-agua-de-acero-inoxidable\/\" \/>\n<meta property=\"og:locale\" content=\"es_ES\" \/>\n<meta property=\"og:type\" content=\"article\" \/>\n<meta property=\"og:title\" content=\"Botella de agua de acero inoxidable - Se\u00f1orita Records\" \/>\n<meta property=\"og:description\" content=\"Esta botella de acero inoxidable de doble capa de 500\u00a0ml (17 oz) es perfecta para tus salidas diarias. Mantiene la temperatura de tu bebida fr\u00eda o caliente durante horas. Adem\u00e1s, tiene un tap\u00f3n antiolores y antifugas. Ponla en el posavasos de tu coche mientras vas al trabajo, ll\u00e9vatela de caminata o gu\u00e1rdala en tu bolso [&hellip;]\" \/>\n<meta property=\"og:url\" content=\"https:\/\/senoritarecords.com\/en\/producto\/botella-de-agua-de-acero-inoxidable\/\" \/>\n<meta property=\"og:site_name\" content=\"Se\u00f1orita Records\" \/>\n<meta property=\"article:publisher\" content=\"https:\/\/www.facebook.com\/silber.dirk.7\/\" \/>\n<meta property=\"article:modified_time\" content=\"2023-03-15T14:05:47+00:00\" \/>\n<meta property=\"og:image\" content=\"https:\/\/senoritarecords.com\/en\/wp-content\/uploads\/2022\/01\/stainless-steel-water-bottle-white-17oz-front-61e00ba2e5c65.jpg\" \/>\n\t<meta property=\"og:image:width\" content=\"1000\" \/>\n\t<meta property=\"og:image:height\" content=\"1000\" \/>\n\t<meta property=\"og:image:type\" content=\"image\/jpeg\" \/>\n<meta name=\"twitter:card\" content=\"summary_large_image\" \/>\n<meta name=\"twitter:label1\" content=\"Tiempo de lectura\" \/>\n\t<meta name=\"twitter:data1\" content=\"1 minuto\" \/>\n<script type=\"application\/ld+json\" class=\"yoast-schema-graph\">{\"@context\":\"https:\/\/schema.org\",\"@graph\":[{\"@type\":\"WebPage\",\"@id\":\"https:\/\/senoritarecords.com\/en\/producto\/botella-de-agua-de-acero-inoxidable\/\",\"url\":\"https:\/\/senoritarecords.com\/en\/producto\/botella-de-agua-de-acero-inoxidable\/\",\"name\":\"Botella de agua de acero inoxidable - Se\u00f1orita Records\",\"isPartOf\":{\"@id\":\"https:\/\/senoritarecords.com\/en\/#website\"},\"primaryImageOfPage\":{\"@id\":\"https:\/\/senoritarecords.com\/en\/producto\/botella-de-agua-de-acero-inoxidable\/#primaryimage\"},\"image\":{\"@id\":\"https:\/\/senoritarecords.com\/en\/producto\/botella-de-agua-de-acero-inoxidable\/#primaryimage\"},\"thumbnailUrl\":\"https:\/\/senoritarecords.com\/en\/wp-content\/uploads\/2022\/01\/stainless-steel-water-bottle-white-17oz-front-61e00ba2e5c65.jpg\",\"datePublished\":\"2022-01-13T11:23:20+00:00\",\"dateModified\":\"2023-03-15T14:05:47+00:00\",\"breadcrumb\":{\"@id\":\"https:\/\/senoritarecords.com\/en\/producto\/botella-de-agua-de-acero-inoxidable\/#breadcrumb\"},\"inLanguage\":\"es\",\"potentialAction\":[{\"@type\":\"ReadAction\",\"target\":[\"https:\/\/senoritarecords.com\/en\/producto\/botella-de-agua-de-acero-inoxidable\/\"]}]},{\"@type\":\"ImageObject\",\"inLanguage\":\"es\",\"@id\":\"https:\/\/senoritarecords.com\/en\/producto\/botella-de-agua-de-acero-inoxidable\/#primaryimage\",\"url\":\"https:\/\/senoritarecords.com\/en\/wp-content\/uploads\/2022\/01\/stainless-steel-water-bottle-white-17oz-front-61e00ba2e5c65.jpg\",\"contentUrl\":\"https:\/\/senoritarecords.com\/en\/wp-content\/uploads\/2022\/01\/stainless-steel-water-bottle-white-17oz-front-61e00ba2e5c65.jpg\",\"width\":1000,\"height\":1000},{\"@type\":\"BreadcrumbList\",\"@id\":\"https:\/\/senoritarecords.com\/en\/producto\/botella-de-agua-de-acero-inoxidable\/#breadcrumb\",\"itemListElement\":[{\"@type\":\"ListItem\",\"position\":1,\"name\":\"Portada\",\"item\":\"https:\/\/senoritarecords.com\/en\/\"},{\"@type\":\"ListItem\",\"position\":2,\"name\":\"tienda\",\"item\":\"https:\/\/senoritarecords.com\/en\/tienda\/\"},{\"@type\":\"ListItem\",\"position\":3,\"name\":\"Botella de agua de acero inoxidable\"}]},{\"@type\":\"WebSite\",\"@id\":\"https:\/\/senoritarecords.com\/en\/#website\",\"url\":\"https:\/\/senoritarecords.com\/en\/\",\"name\":\"Se\u00f1orita Records\",\"description\":\"Ponemos los decibelios en tu coraz\u00f3n\",\"publisher\":{\"@id\":\"https:\/\/senoritarecords.com\/en\/#organization\"},\"potentialAction\":[{\"@type\":\"SearchAction\",\"target\":{\"@type\":\"EntryPoint\",\"urlTemplate\":\"https:\/\/senoritarecords.com\/en\/?s={search_term_string}\"},\"query-input\":{\"@type\":\"PropertyValueSpecification\",\"valueRequired\":true,\"valueName\":\"search_term_string\"}}],\"inLanguage\":\"es\"},{\"@type\":\"Organization\",\"@id\":\"https:\/\/senoritarecords.com\/en\/#organization\",\"name\":\"Se\u00f1orita Records\",\"url\":\"https:\/\/senoritarecords.com\/en\/\",\"logo\":{\"@type\":\"ImageObject\",\"inLanguage\":\"es\",\"@id\":\"https:\/\/senoritarecords.com\/en\/#\/schema\/logo\/image\/\",\"url\":\"https:\/\/senoritarecords.com\/en\/wp-content\/uploads\/2022\/12\/SenoritaRecords_Logo-v10b_MASTER_pos_negre.png\",\"contentUrl\":\"https:\/\/senoritarecords.com\/en\/wp-content\/uploads\/2022\/12\/SenoritaRecords_Logo-v10b_MASTER_pos_negre.png\",\"width\":1500,\"height\":1500,\"caption\":\"Se\u00f1orita Records\"},\"image\":{\"@id\":\"https:\/\/senoritarecords.com\/en\/#\/schema\/logo\/image\/\"},\"sameAs\":[\"https:\/\/www.facebook.com\/silber.dirk.7\/\",\"https:\/\/www.instagram.com\/djego_silber\/\",\"https:\/\/www.instagram.com\/senoritarecords\/\"]}]}<\/script>\n<!-- \/ Yoast SEO plugin. -->","yoast_head_json":{"title":"Botella de agua de acero inoxidable - Se\u00f1orita Records","robots":{"index":"index","follow":"follow","max-snippet":"max-snippet:-1","max-image-preview":"max-image-preview:large","max-video-preview":"max-video-preview:-1"},"canonical":"https:\/\/senoritarecords.com\/en\/producto\/botella-de-agua-de-acero-inoxidable\/","og_locale":"es_ES","og_type":"article","og_title":"Botella de agua de acero inoxidable - Se\u00f1orita Records","og_description":"Esta botella de acero inoxidable de doble capa de 500\u00a0ml (17 oz) es perfecta para tus salidas diarias. Mantiene la temperatura de tu bebida fr\u00eda o caliente durante horas. Adem\u00e1s, tiene un tap\u00f3n antiolores y antifugas. Ponla en el posavasos de tu coche mientras vas al trabajo, ll\u00e9vatela de caminata o gu\u00e1rdala en tu bolso [&hellip;]","og_url":"https:\/\/senoritarecords.com\/en\/producto\/botella-de-agua-de-acero-inoxidable\/","og_site_name":"Se\u00f1orita Records","article_publisher":"https:\/\/www.facebook.com\/silber.dirk.7\/","article_modified_time":"2023-03-15T14:05:47+00:00","og_image":[{"width":1000,"height":1000,"url":"https:\/\/senoritarecords.com\/en\/wp-content\/uploads\/2022\/01\/stainless-steel-water-bottle-white-17oz-front-61e00ba2e5c65.jpg","type":"image\/jpeg"}],"twitter_card":"summary_large_image","twitter_misc":{"Tiempo de lectura":"1 minuto"},"schema":{"@context":"https:\/\/schema.org","@graph":[{"@type":"WebPage","@id":"https:\/\/senoritarecords.com\/en\/producto\/botella-de-agua-de-acero-inoxidable\/","url":"https:\/\/senoritarecords.com\/en\/producto\/botella-de-agua-de-acero-inoxidable\/","name":"Botella de agua de acero inoxidable - Se\u00f1orita Records","isPartOf":{"@id":"https:\/\/senoritarecords.com\/en\/#website"},"primaryImageOfPage":{"@id":"https:\/\/senoritarecords.com\/en\/producto\/botella-de-agua-de-acero-inoxidable\/#primaryimage"},"image":{"@id":"https:\/\/senoritarecords.com\/en\/producto\/botella-de-agua-de-acero-inoxidable\/#primaryimage"},"thumbnailUrl":"https:\/\/senoritarecords.com\/en\/wp-content\/uploads\/2022\/01\/stainless-steel-water-bottle-white-17oz-front-61e00ba2e5c65.jpg","datePublished":"2022-01-13T11:23:20+00:00","dateModified":"2023-03-15T14:05:47+00:00","breadcrumb":{"@id":"https:\/\/senoritarecords.com\/en\/producto\/botella-de-agua-de-acero-inoxidable\/#breadcrumb"},"inLanguage":"es","potentialAction":[{"@type":"ReadAction","target":["https:\/\/senoritarecords.com\/en\/producto\/botella-de-agua-de-acero-inoxidable\/"]}]},{"@type":"ImageObject","inLanguage":"es","@id":"https:\/\/senoritarecords.com\/en\/producto\/botella-de-agua-de-acero-inoxidable\/#primaryimage","url":"https:\/\/senoritarecords.com\/en\/wp-content\/uploads\/2022\/01\/stainless-steel-water-bottle-white-17oz-front-61e00ba2e5c65.jpg","contentUrl":"https:\/\/senoritarecords.com\/en\/wp-content\/uploads\/2022\/01\/stainless-steel-water-bottle-white-17oz-front-61e00ba2e5c65.jpg","width":1000,"height":1000},{"@type":"BreadcrumbList","@id":"https:\/\/senoritarecords.com\/en\/producto\/botella-de-agua-de-acero-inoxidable\/#breadcrumb","itemListElement":[{"@type":"ListItem","position":1,"name":"Portada","item":"https:\/\/senoritarecords.com\/en\/"},{"@type":"ListItem","position":2,"name":"tienda","item":"https:\/\/senoritarecords.com\/en\/tienda\/"},{"@type":"ListItem","position":3,"name":"Botella de agua de acero inoxidable"}]},{"@type":"WebSite","@id":"https:\/\/senoritarecords.com\/en\/#website","url":"https:\/\/senoritarecords.com\/en\/","name":"Se\u00f1orita Records","description":"Ponemos los decibelios en tu coraz\u00f3n","publisher":{"@id":"https:\/\/senoritarecords.com\/en\/#organization"},"potentialAction":[{"@type":"SearchAction","target":{"@type":"EntryPoint","urlTemplate":"https:\/\/senoritarecords.com\/en\/?s={search_term_string}"},"query-input":{"@type":"PropertyValueSpecification","valueRequired":true,"valueName":"search_term_string"}}],"inLanguage":"es"},{"@type":"Organization","@id":"https:\/\/senoritarecords.com\/en\/#organization","name":"Se\u00f1orita Records","url":"https:\/\/senoritarecords.com\/en\/","logo":{"@type":"ImageObject","inLanguage":"es","@id":"https:\/\/senoritarecords.com\/en\/#\/schema\/logo\/image\/","url":"https:\/\/senoritarecords.com\/en\/wp-content\/uploads\/2022\/12\/SenoritaRecords_Logo-v10b_MASTER_pos_negre.png","contentUrl":"https:\/\/senoritarecords.com\/en\/wp-content\/uploads\/2022\/12\/SenoritaRecords_Logo-v10b_MASTER_pos_negre.png","width":1500,"height":1500,"caption":"Se\u00f1orita Records"},"image":{"@id":"https:\/\/senoritarecords.com\/en\/#\/schema\/logo\/image\/"},"sameAs":["https:\/\/www.facebook.com\/silber.dirk.7\/","https:\/\/www.instagram.com\/djego_silber\/","https:\/\/www.instagram.com\/senoritarecords\/"]}]}},"_links":{"self":[{"href":"https:\/\/senoritarecords.com\/en\/wp-json\/wp\/v2\/product\/1858","targetHints":{"allow":["GET"]}}],"collection":[{"href":"https:\/\/senoritarecords.com\/en\/wp-json\/wp\/v2\/product"}],"about":[{"href":"https:\/\/senoritarecords.com\/en\/wp-json\/wp\/v2\/types\/product"}],"wp:featuredmedia":[{"embeddable":true,"href":"https:\/\/senoritarecords.com\/en\/wp-json\/wp\/v2\/media\/1859"}],"wp:attachment":[{"href":"https:\/\/senoritarecords.com\/en\/wp-json\/wp\/v2\/media?parent=1858"}],"wp:term":[{"taxonomy":"product_brand","embeddable":true,"href":"https:\/\/senoritarecords.com\/en\/wp-json\/wp\/v2\/product_brand?post=1858"},{"taxonomy":"product_cat","embeddable":true,"href":"https:\/\/senoritarecords.com\/en\/wp-json\/wp\/v2\/product_cat?post=1858"},{"taxonomy":"product_tag","embeddable":true,"href":"https:\/\/senoritarecords.com\/en\/wp-json\/wp\/v2\/product_tag?post=1858"}],"curies":[{"name":"wp","href":"https:\/\/api.w.org\/{rel}","templated":true}]}}